{"id":2,"date":"2019-12-13T10:40:50","date_gmt":"2019-12-13T10:40:50","guid":{"rendered":"http:\/\/stomatologijanovakovic.com\/?page_id=2"},"modified":"2023-02-25T20:41:47","modified_gmt":"2023-02-25T20:41:47","slug":"nasi-radovi","status":"publish","type":"page","link":"https:\/\/stomatologijanovakovic.com\/index.php\/nasi-radovi\/","title":{"rendered":"Na\u0161i radovi"},"content":{"rendered":"<p>[vc_row full_width=&#8221;0&#8243; full_height=&#8221;0&#8243; sep_bottom=&#8221;separator_bottom sep_angled_positive_bottom&#8221; particles=&#8221;0&#8243;][vc_column margin=&#8221;margin_bottom_grid&#8221; offset=&#8221;vc_col-md-6&#8243;][vc_column_text]<\/p>\n<p>Stomatolo\u0161ka ambulanta DR NOVAKOVI\u0106 sa ponosom predstavlja neke od svojih radova.<\/p>\n<p>[\/vc_column_text][vc_text_separator title=&#8221;Hvala na ukazanom povjerenju&#8221; title_align=&#8221;separator_align_left&#8221;][vc_column_text]<\/p>\n<section class=\"av_textblock_section \">\n<div class=\"avia_textblock \">\n<p>Hvala svim pacijentima na ukazanom poverenju. Konstantno ula\u017eemo u stomatolo\u0161ku ordinaciju i te\u017eimo da se stru\u010dno usavr\u0161avamo. O kvalitetu radova govori\u0107e samo va\u0161i osmijesi. Nadamo se da smo opravdali ve\u0107inu o\u010dekivanja. Radi\u0107emo na tome da budemo jo\u0161 bolji.<\/p>\n<\/div>\n<\/section>\n<p>[\/vc_column_text][\/vc_column][vc_column offset=&#8221;vc_col-md-6&#8243;]<div  class=\"twentytwenty-container  \" data-default_offset_pct=\"0.5\" data-orientation=\"horizontal\">\n    <img decoding=\"async\" src=\"https:\/\/stomatologijanovakovic.com\/wp-content\/uploads\/2019\/12\/before.jpg\">\n    <img decoding=\"async\" src=\"https:\/\/stomatologijanovakovic.com\/wp-content\/uploads\/2019\/12\/after.jpg\">\n<\/div>[\/vc_column][vc_column][vc_empty_space][\/vc_column][\/vc_row][vc_row color_set=&#8221;light_section&#8221; full_width=&#8221;0&#8243; full_height=&#8221;0&#8243; sep_bottom=&#8221;separator_bottom sep_angled_positive_bottom&#8221; particles=&#8221;0&#8243; el_id=&#8221;facilities&#8221;][vc_column][vc_empty_space][vc_media_grid gap=&#8221;10&#8243; grid_id=&#8221;vc_gid:1677357639647-7b9c9bcb-1d32-10&#8243; include=&#8221;2205,2307,2375,2376,2377,2378,2379,2380,2381,2382,2383,2384&#8243;][\/vc_column][\/vc_row]<\/p>\n","protected":false},"excerpt":{"rendered":"<p>[vc_row full_width=&#8221;0&#8243; full_height=&#8221;0&#8243; sep_bottom=&#8221;separator_bottom sep_angled_positive_bottom&#8221; particles=&#8221;0&#8243;][vc_column margin=&#8221;margin_bottom_grid&#8221; offset=&#8221;vc_col-md-6&#8243;][vc_column_text] Stomatolo\u0161ka ambulanta DR NOVAKOVI\u0106 sa ponosom predstavlja neke od svojih radova. [\/vc_column_text][vc_text_separator title=&#8221;Hvala na ukazanom povjerenju&#8221; title_align=&#8221;separator_align_left&#8221;][vc_column_text] Hvala svim pacijentima na ukazanom poverenju. Konstantno ula\u017eemo u stomatolo\u0161ku ordinaciju i te\u017eimo da se stru\u010dno usavr\u0161avamo. O kvalitetu radova govori\u0107e samo va\u0161i osmijesi. Nadamo se da smo opravdali ve\u0107inu [&hellip;]<\/p>\n","protected":false},"author":1,"featured_media":2109,"parent":0,"menu_order":0,"comment_status":"closed","ping_status":"open","template":"","meta":{"footnotes":""},"_links":{"self":[{"href":"https:\/\/stomatologijanovakovic.com\/index.php\/wp-json\/wp\/v2\/pages\/2"}],"collection":[{"href":"https:\/\/stomatologijanovakovic.com\/index.php\/wp-json\/wp\/v2\/pages"}],"about":[{"href":"https:\/\/stomatologijanovakovic.com\/index.php\/wp-json\/wp\/v2\/types\/page"}],"author":[{"embeddable":true,"href":"https:\/\/stomatologijanovakovic.com\/index.php\/wp-json\/wp\/v2\/users\/1"}],"replies":[{"embeddable":true,"href":"https:\/\/stomatologijanovakovic.com\/index.php\/wp-json\/wp\/v2\/comments?post=2"}],"version-history":[{"count":7,"href":"https:\/\/stomatologijanovakovic.com\/index.php\/wp-json\/wp\/v2\/pages\/2\/revisions"}],"predecessor-version":[{"id":2386,"href":"https:\/\/stomatologijanovakovic.com\/index.php\/wp-json\/wp\/v2\/pages\/2\/revisions\/2386"}],"wp:featuredmedia":[{"embeddable":true,"href":"https:\/\/stomatologijanovakovic.com\/index.php\/wp-json\/wp\/v2\/media\/2109"}],"wp:attachment":[{"href":"https:\/\/stomatologijanovakovic.com\/index.php\/wp-json\/wp\/v2\/media?parent=2"}],"curies":[{"name":"wp","href":"https:\/\/api.w.org\/{rel}","templated":true}]}}