{"id":207,"date":"2015-09-28T20:11:43","date_gmt":"2015-09-28T20:11:43","guid":{"rendered":"http:\/\/plethorathemes.com\/healthx\/?page_id=207"},"modified":"2019-12-20T23:11:35","modified_gmt":"2019-12-20T23:11:35","slug":"services","status":"publish","type":"page","link":"https:\/\/stomatologijanovakovic.com\/index.php\/services\/","title":{"rendered":"Usluge"},"content":{"rendered":"<p>[vc_row full_width=&#8221;0&#8243; full_height=&#8221;0&#8243; particles=&#8221;0&#8243;][vc_column][vc_tta_accordion shape=&#8221;square&#8221; color=&#8221;white&#8221; spacing=&#8221;10&#8243; c_icon=&#8221;chevron&#8221; active_section=&#8221;100&#8243; collapsible_all=&#8221;true&#8221;][vc_tta_section title=&#8221;Estetska stomatologija&#8221; tab_id=&#8221;estetska&#8221;][vc_row_inner][vc_column_inner][vc_empty_space][\/vc_column_inner][vc_column_inner width=&#8221;2\/3&#8243;][vc_column_text]Specijalizovani smo na podru\u010dju estetske i restaurativne dentalne medicine te na podru\u010dju implantologije, \u0161to potvr\u0111ujemo svojim vi\u0161egodi\u0161njim aktivnim djelovanjem i iskustvom.<\/p>\n<p>U na\u0161em radu uvijek te\u017eimo najboljem, zbog \u010dega konstantno ula\u017eemo u nove tehnologije i znanja.<\/p>\n<ul>\n<li>Izbjeljivanje zuba<\/li>\n<li>Bezmetalne krunice i mostovi<\/li>\n<li>Proteze<\/li>\n<\/ul>\n<p>[\/vc_column_text][vc_empty_space height=&#8221;16px&#8221;][\/vc_column_inner][vc_column_inner width=&#8221;1\/3&#8243;]<!-- ========================== TEASER BOX ==========================-->\n<div class=\"teaser_box wpb_content_element text-center  skincolored_section boxed   with_button    \">\n\n  <div class=\"figure \">\n\n\n\n        \n        \n        \n         <img decoding=\"async\" src=\"https:\/\/stomatologijanovakovic.com\/wp-content\/uploads\/2019\/12\/estetska.png\" alt=\"ESTETSKA STOMATOLOGIJA\">   \n\n        \n\n\n  <\/div>\n\n\n\n  <div class=\"content text-center   with_button \">\n    \n    <div class=\"hgroup\">\n       <h4 class=\"neutralize_links\">\n       ESTETSKA STOMATOLOGIJA\n       <\/h4>\n      \n    <\/div>\n\n    \n\n    <div class=\"link centered\">\n        <a href=\"\"  target=\"\" class=\"btn btn-xs btn-secondary\"><strong>Visit Department<\/strong><\/a>\n    <\/div>\n\n  <\/div>\n\n<\/div>\n\n<!-- END======================= TEASER BOX ==========================-->[\/vc_column_inner][vc_column_inner][vc_empty_space][\/vc_column_inner][\/vc_row_inner][\/vc_tta_section][vc_tta_section title=&#8221;Implantologija&#8221; tab_id=&#8221;1447153984663-e49cf286-1878&#8243;][vc_row_inner][vc_column_inner][vc_empty_space][\/vc_column_inner][vc_column_inner width=&#8221;2\/3&#8243;][vc_column_text]<\/p>\n<div class=\"fusion-text\">\n<p>Implantologija je grana stomatologije koja se bavi ugradnjom implantata u cilju nadoknade izgubljenih zuba, pobolj\u0161anja funkcije \u017evakanja i govora kao i postizanja \u017eeljenih estetskih efekata. Implantati su najbolja zamjena za izgubljene zube.<\/p>\n<p>Savremeni zubni implantat je titanijumski \u0161raf koji se ugra\u0111uje u kost vilice i srasta sa njom a slu\u017ei kao zamjena za korijen zuba. Nakon ugradnje mogu\u0107nost odbacivanja implantata od strane organizma je izuzetno rijetka. Zubni implanti su nosa\u010di krunica, mostova ili drugih slo\u017eenih protetskih nadoknada.<\/p>\n<p>Ugradnjom zubnih implantata izbegava se bru\u0161enje susjednih zuba koje je neophodno pri izradi mostova.\u00a0 Kod nedostatka svih zuba ili skra\u0107enog zubnog niza, predstavlja jedinu mogu\u0107nost za dobijanje fiksne nadoknade.<\/p>\n<\/div>\n<p>[\/vc_column_text][vc_empty_space height=&#8221;16px&#8221;][\/vc_column_inner][vc_column_inner width=&#8221;1\/3&#8243;]<!-- ========================== TEASER BOX ==========================-->\n<div class=\"teaser_box wpb_content_element text-center  skincolored_section boxed   with_button    \">\n\n  <div class=\"figure \">\n\n\n\n        \n        \n        \n         <img decoding=\"async\" src=\"https:\/\/stomatologijanovakovic.com\/wp-content\/uploads\/2019\/12\/implantologija.png\" alt=\"IMPLANTOLOGIJA\">   \n\n        \n\n\n  <\/div>\n\n\n\n  <div class=\"content text-center   with_button \">\n    \n    <div class=\"hgroup\">\n       <h4 class=\"neutralize_links\">\n       IMPLANTOLOGIJA\n       <\/h4>\n      \n    <\/div>\n\n    \n\n    <div class=\"link centered\">\n        <a href=\"\"  target=\"\" class=\"btn btn-xs btn-secondary\"><strong>Visit Department<\/strong><\/a>\n    <\/div>\n\n  <\/div>\n\n<\/div>\n\n<!-- END======================= TEASER BOX ==========================-->[\/vc_column_inner][vc_column_inner][vc_empty_space][\/vc_column_inner][\/vc_row_inner][\/vc_tta_section][vc_tta_section title=&#8221;Dje\u010dija i preventivna stomatologija&#8221; tab_id=&#8221;1448268456536-722ece38-0b79&#8243;][vc_row_inner][vc_column_inner][vc_empty_space][\/vc_column_inner][vc_column_inner width=&#8221;2\/3&#8243;][vc_column_text]Dje\u010dja i preventivna stomatologija je veoma va\u017ena grana stomatologije koja se prije svega bavi higijenom i o\u010duvanjem mlije\u010dnih zuba,od \u010dega \u0107e kasnije direktno zavisiti kvalitet i ja\u010dina stalnih zuba.<\/p>\n<p>Dobra higijena, uz pravilnu ishranu su glavni preduslovi za sprje\u010davanje pojave karijesa na zubima. Naj\u010de\u0161\u0107i uzrok pojave karijesa je nedovoljna oralna higijena.[\/vc_column_text][vc_empty_space height=&#8221;16px&#8221;][\/vc_column_inner][vc_column_inner width=&#8221;1\/3&#8243;]<!-- ========================== TEASER BOX ==========================-->\n<div class=\"teaser_box wpb_content_element text-center  skincolored_section boxed   with_button    \">\n\n  <div class=\"figure \">\n\n\n\n        \n        \n        \n         <img decoding=\"async\" src=\"https:\/\/stomatologijanovakovic.com\/wp-content\/uploads\/2019\/12\/djecija.png\" alt=\"Dje\u010dija i preventivna stomatologija\">   \n\n        \n\n\n  <\/div>\n\n\n\n  <div class=\"content text-center   with_button \">\n    \n    <div class=\"hgroup\">\n       <h4 class=\"neutralize_links\">\n       Dje\u010dija i preventivna stomatologija\n       <\/h4>\n      \n    <\/div>\n\n    \n\n    <div class=\"link centered\">\n        <a href=\"\"  target=\"\" class=\"btn btn-xs btn-secondary\"><strong>Visit Department<\/strong><\/a>\n    <\/div>\n\n  <\/div>\n\n<\/div>\n\n<!-- END======================= TEASER BOX ==========================-->[\/vc_column_inner][vc_column_inner][vc_empty_space][\/vc_column_inner][\/vc_row_inner][\/vc_tta_section][vc_tta_section title=&#8221;Ortodoncija&#8221; tab_id=&#8221;1448268485319-20bb3d67-9543&#8243;][vc_row_inner][vc_column_inner][vc_empty_space][\/vc_column_inner][vc_column_inner width=&#8221;2\/3&#8243;][vc_column_text]Toliko toga je ve\u0107 re\u010deno o lijepom osmijehu, o njegovom uticaju na Va\u0161e samopouzdanje, uticaju na one koji Vas gledaju, na one do kojih Vam je stalo ili kojima je stalo do Vas. Nije dokazano, ali \u010dini se da je to jedan od puteva do blagostanja\u2026<\/p>\n<p>A kada se desi voljom prirode ili nepa\u017enjom pacijenta, ponekad nebrigom ili sticajem okolnosti da je zubni niz nepravilan, da su zubi neravnomjerno ili nedovoljno razvijeni, ili da Vam se jednostavno \u201ene\u0161to\u201c u zubnom nizu nikako ne dopada, tu je ortodoncija \u2013 posebna grana stomatologije koja se bavi dijagnozom i terapijom nepravilnosti zubno-ko\u0161tanog sistema.[\/vc_column_text][vc_empty_space height=&#8221;16px&#8221;][\/vc_column_inner][vc_column_inner width=&#8221;1\/3&#8243;]<!-- ========================== TEASER BOX ==========================-->\n<div class=\"teaser_box wpb_content_element text-center  skincolored_section boxed   with_button    \">\n\n  <div class=\"figure \">\n\n\n\n        \n        \n        \n         <img decoding=\"async\" src=\"https:\/\/stomatologijanovakovic.com\/wp-content\/uploads\/2019\/12\/ortodoncija.png\" alt=\"Ortodoncija\">   \n\n        \n\n\n  <\/div>\n\n\n\n  <div class=\"content text-center   with_button \">\n    \n    <div class=\"hgroup\">\n       <h4 class=\"neutralize_links\">\n       Ortodoncija\n       <\/h4>\n      \n    <\/div>\n\n    \n\n    <div class=\"link centered\">\n        <a href=\"\"  target=\"\" class=\"btn btn-xs btn-secondary\"><strong>Visit Department<\/strong><\/a>\n    <\/div>\n\n  <\/div>\n\n<\/div>\n\n<!-- END======================= TEASER BOX ==========================-->[\/vc_column_inner][vc_column_inner][vc_empty_space][\/vc_column_inner][\/vc_row_inner][\/vc_tta_section][vc_tta_section title=&#8221;Oralna hirurgija&#8221; tab_id=&#8221;1448268507802-ddaf51d1-8acb&#8221;][vc_row_inner][vc_column_inner][vc_empty_space][\/vc_column_inner][vc_column_inner width=&#8221;2\/3&#8243;][vc_column_text]Grana stomatologije koja se bavi hirur\u0161kim lije\u010denjem i zbrinjavanjem tvrdih i mekih tkiva usne duplje zove se <strong>oralna hirurgija<\/strong>.<\/p>\n<p>Sama re\u010d hirurgija ve\u0107 na prvi mah kod mnogih pacijenata izaziva strah i odbojnost, me\u0111utim uz ozbiljan pristup na\u0161eg stru\u010dnog tima, uz adekvatnu anesteziju i data uputstva kojih \u0107e se pacijenti pridr\u017eavati kada je postoperativan oporavak u pitanju, strah i nelagodnost kada je o ovoj grani stomatologije re\u010d, bi\u0107e svedene na minimum.[\/vc_column_text][vc_empty_space height=&#8221;16px&#8221;][\/vc_column_inner][vc_column_inner width=&#8221;1\/3&#8243;]<!-- ========================== TEASER BOX ==========================-->\n<div class=\"teaser_box wpb_content_element text-center  skincolored_section boxed   with_button    \">\n\n  <div class=\"figure \">\n\n\n\n        \n        \n        \n         <img decoding=\"async\" src=\"https:\/\/stomatologijanovakovic.com\/wp-content\/uploads\/2019\/12\/oralna.png\" alt=\"Oralna hirurgija\">   \n\n        \n\n\n  <\/div>\n\n\n\n  <div class=\"content text-center   with_button \">\n    \n    <div class=\"hgroup\">\n       <h4 class=\"neutralize_links\">\n       Oralna hirurgija\n       <\/h4>\n      \n    <\/div>\n\n    \n\n    <div class=\"link centered\">\n        <a href=\"\"  target=\"\" class=\"btn btn-xs btn-secondary\"><strong>Visit Department<\/strong><\/a>\n    <\/div>\n\n  <\/div>\n\n<\/div>\n\n<!-- END======================= TEASER BOX ==========================-->[\/vc_column_inner][vc_column_inner][vc_empty_space][\/vc_column_inner][\/vc_row_inner][\/vc_tta_section][vc_tta_section title=&#8221;Paradontologija&#8221; tab_id=&#8221;1448268511116-8714a91a-ea55&#8243;][vc_row_inner][vc_column_inner][vc_empty_space][\/vc_column_inner][vc_column_inner width=&#8221;2\/3&#8243;][vc_column_text]Specijalisti\u010dka grana stomatologije koja se bavi oboljenjima potpornog aparata zuba. Danas se smatra da je, pored karijesa, parodontopatija (parodontoza) najrasprostanjenije oboljenje ljudske vrste. Glavni je uzrok gubitka zuba kod starijih od 45 godina. Dio problema le\u017ei i u tome \u0161to su simptomi ovog oboljenja dosta blagi. Uglavnom nema bolova, a povremeno krvarenje desni ve\u0107ina ljudi ne shvata ozbiljno. Nekada tek kada bolest stigne do terminalnog stadijuma, u kojoj se zubi klimaju i ispadaju, pacijenti tra\u017ee pomo\u0107. Tada je, na \u017ealost, kasno za uspe\u0161nu terapiju.[\/vc_column_text][vc_empty_space height=&#8221;16px&#8221;][\/vc_column_inner][vc_column_inner width=&#8221;1\/3&#8243;]<!-- ========================== TEASER BOX ==========================-->\n<div class=\"teaser_box wpb_content_element text-center  skincolored_section boxed   with_button    \">\n\n  <div class=\"figure \">\n\n\n\n        \n        \n        \n         <img decoding=\"async\" src=\"https:\/\/stomatologijanovakovic.com\/wp-content\/uploads\/2019\/12\/paradontologija.png\" alt=\"Paradontologija\">   \n\n        \n\n\n  <\/div>\n\n\n\n  <div class=\"content text-center   with_button \">\n    \n    <div class=\"hgroup\">\n       <h4 class=\"neutralize_links\">\n       Paradontologija\n       <\/h4>\n      \n    <\/div>\n\n    \n\n    <div class=\"link centered\">\n        <a href=\"\"  target=\"\" class=\"btn btn-xs btn-secondary\"><strong>Visit Department<\/strong><\/a>\n    <\/div>\n\n  <\/div>\n\n<\/div>\n\n<!-- END======================= TEASER BOX ==========================-->[\/vc_column_inner][vc_column_inner][vc_empty_space][\/vc_column_inner][\/vc_row_inner][\/vc_tta_section][\/vc_tta_accordion][vc_empty_space][\/vc_column][\/vc_row]<\/p>\n","protected":false},"excerpt":{"rendered":"<p>[vc_row full_width=&#8221;0&#8243; full_height=&#8221;0&#8243; particles=&#8221;0&#8243;][vc_column][vc_tta_accordion shape=&#8221;square&#8221; color=&#8221;white&#8221; spacing=&#8221;10&#8243; c_icon=&#8221;chevron&#8221; active_section=&#8221;100&#8243; collapsible_all=&#8221;true&#8221;][vc_tta_section title=&#8221;Estetska stomatologija&#8221; tab_id=&#8221;estetska&#8221;][vc_row_inner][vc_column_inner][vc_empty_space][\/vc_column_inner][vc_column_inner width=&#8221;2\/3&#8243;][vc_column_text]Specijalizovani smo na podru\u010dju estetske i restaurativne dentalne medicine te na podru\u010dju implantologije, \u0161to potvr\u0111ujemo svojim vi\u0161egodi\u0161njim aktivnim djelovanjem i iskustvom. U na\u0161em radu uvijek te\u017eimo najboljem, zbog \u010dega konstantno ula\u017eemo u nove tehnologije i znanja. Izbjeljivanje zuba Bezmetalne krunice i mostovi [&hellip;]<\/p>\n","protected":false},"author":1,"featured_media":2145,"parent":0,"menu_order":0,"comment_status":"closed","ping_status":"closed","template":"","meta":{"footnotes":""},"_links":{"self":[{"href":"https:\/\/stomatologijanovakovic.com\/index.php\/wp-json\/wp\/v2\/pages\/207"}],"collection":[{"href":"https:\/\/stomatologijanovakovic.com\/index.php\/wp-json\/wp\/v2\/pages"}],"about":[{"href":"https:\/\/stomatologijanovakovic.com\/index.php\/wp-json\/wp\/v2\/types\/page"}],"author":[{"embeddable":true,"href":"https:\/\/stomatologijanovakovic.com\/index.php\/wp-json\/wp\/v2\/users\/1"}],"replies":[{"embeddable":true,"href":"https:\/\/stomatologijanovakovic.com\/index.php\/wp-json\/wp\/v2\/comments?post=207"}],"version-history":[{"count":10,"href":"https:\/\/stomatologijanovakovic.com\/index.php\/wp-json\/wp\/v2\/pages\/207\/revisions"}],"predecessor-version":[{"id":2192,"href":"https:\/\/stomatologijanovakovic.com\/index.php\/wp-json\/wp\/v2\/pages\/207\/revisions\/2192"}],"wp:featuredmedia":[{"embeddable":true,"href":"https:\/\/stomatologijanovakovic.com\/index.php\/wp-json\/wp\/v2\/media\/2145"}],"wp:attachment":[{"href":"https:\/\/stomatologijanovakovic.com\/index.php\/wp-json\/wp\/v2\/media?parent=207"}],"curies":[{"name":"wp","href":"https:\/\/api.w.org\/{rel}","templated":true}]}}